{"id":1020,"date":"2019-11-13T18:56:25","date_gmt":"2019-11-13T17:56:25","guid":{"rendered":"https:\/\/www.up2play.fr\/tarbes\/?page_id=1020"},"modified":"2024-11-19T17:27:31","modified_gmt":"2024-11-19T16:27:31","slug":"gestion-des-cookies","status":"publish","type":"page","link":"https:\/\/www.up2play.fr\/tarbes\/gestion-des-cookies\/","title":{"rendered":"Gestion des cookies"},"content":{"rendered":"<p>Cette rubrique est consacr\u00e9e \u00e0 notre politique de confidentialit\u00e9 en mati\u00e8re de fichiers cookies, r\u00e9gie par la loi fran\u00e7aise et les r\u00e8glements europ\u00e9ens applicables, notamment le RGPD. Cette politique relative aux fichiers cookies compl\u00e8te notre <a href=\"https:\/\/www.up2play.fr\/tarbes\/donnees-personnelles\/\">Politique de Confidentialit\u00e9<\/a> et s\u2019int\u00e8gre dans nos <a href=\"https:\/\/www.up2play.fr\/tarbes\/mentions-legales\/\">Conditions G\u00e9n\u00e9rales d\u2019Utilisation<\/a>.<\/p>\n<p>Lors de votre utilisation de nos services via ce site, des informations relatives \u00e0 votre navigation sont susceptibles d\u2019\u00eatre enregistr\u00e9es dans des fichiers cookies, sous r\u00e9serve des choix que vous aurez exprim\u00e9s via notre outil de gestion des consentements Axeptio. Vous pouvez modifier ces choix \u00e0 tout moment (voir l\u2019Article 4 ci-dessous).<\/p>\n<h3>Article 1 \u2013 Qu\u2019est-ce qu\u2019un cookie ?<\/h3>\n<p>Les cookies sont de petits fichiers texte d\u00e9pos\u00e9s sur votre terminal (ordinateur, smartphone ou tablette) par le biais de votre navigateur Internet lorsque vous utilisez les services UP2PLAY. Sous r\u00e9serve des choix que vous avez effectu\u00e9s, les cookies collectent des informations relatives \u00e0 votre navigation et permettent d\u2019am\u00e9liorer votre exp\u00e9rience utilisateur pour les finalit\u00e9s d\u00e9crites \u00e0 l\u2019Article 2 ci-dessous.<\/p>\n<h3>Article 2 \u2013 \u00c0 quoi servent les cookies utilis\u00e9s par UP2PLAY ?<\/h3>\n<p>Lorsque vous vous connectez et utilisez nos services, nous pouvons, sous r\u00e9serve des choix que vous avez exprim\u00e9s, installer divers cookies dans votre terminal afin de :<\/p>\n<ul>\n<li><strong>Permettre et faciliter le fonctionnement de nos services :<\/strong> Ces cookies nous permettent d\u2019adapter l\u2019affichage de nos services \u00e0 vos pr\u00e9f\u00e9rences (langue, affichage mobile ou desktop) et de m\u00e9moriser des informations relatives aux formulaires que vous avez remplis.<\/li>\n<li><strong>Mesurer l\u2019audience :<\/strong> Nous utilisons des cookies pour analyser la fr\u00e9quentation de notre site et am\u00e9liorer son ergonomie. Cela nous permet de proposer une exp\u00e9rience utilisateur optimis\u00e9e. Ces cookies sont anonymis\u00e9s.<\/li>\n<li><strong>Cookies publicitaires :<\/strong> Gr\u00e2ce au cookie DoubleClick, Google adapte les annonces affich\u00e9es selon votre navigation. Vous pouvez g\u00e9rer vos pr\u00e9f\u00e9rences via le <a href=\"https:\/\/adssettings.google.com\/\" target=\"_blank\" rel=\"noopener\">gestionnaire de pr\u00e9f\u00e9rences Google<\/a>.<\/li>\n<\/ul>\n<p>&nbsp;<\/p>\n<h3>Article 3 \u2013 Les cookies relatifs aux r\u00e9seaux sociaux<\/h3>\n<p>Les services UP2PLAY int\u00e8grent des fonctionnalit\u00e9s permettant d\u2019interagir avec des r\u00e9seaux sociaux tels que Twitter ou YouTube (par exemple, via des boutons ou flux int\u00e9gr\u00e9s). Ces fonctionnalit\u00e9s sont fournies par des tiers et sont soumises \u00e0 leurs propres politiques de confidentialit\u00e9.<\/p>\n<p>Nous ne sommes pas responsables du contenu, des offres ou des informations consult\u00e9es via ces services tiers. Si vous souhaitez en savoir plus sur leurs pratiques, nous vous invitons \u00e0 consulter leurs propres politiques de gestion des donn\u00e9es.<\/p>\n<h3>Article 4 \u2013 Param\u00e9trage des cookies stock\u00e9s sur votre terminal<\/h3>\n<p>Vous pouvez g\u00e9rer vos pr\u00e9f\u00e9rences en mati\u00e8re de cookies \u00e0 tout moment via notre outil de gestion des consentements Axeptio, accessible depuis le bandeau cookies ou via ce lien : <a id=\"axeptio-consent-manager\" href=\"#\">G\u00e9rer mes pr\u00e9f\u00e9rences<\/a>.<\/p>\n<p>Vous pouvez \u00e9galement configurer votre navigateur pour g\u00e9rer les cookies manuellement :<\/p>\n<ul>\n<li>Pour Internet Explorer\u2122 : <a href=\"http:\/\/windows.microsoft.com\/fr-FR\/windows-vista\/Block-or-allow-cookies\" target=\"_blank\" rel=\"noopener\">Cliquez ici<\/a>.<\/li>\n<li>Pour Safari\u2122 : <a href=\"https:\/\/support.apple.com\/fr-fr\/guide\/safari\/sfri11471\/mac\" target=\"_blank\" rel=\"noopener\">Cliquez ici<\/a>.<\/li>\n<li>Pour Chrome\u2122 : <a href=\"https:\/\/support.google.com\/chrome\/answer\/95647?hl=fr\" target=\"_blank\" rel=\"noopener\">Cliquez ici<\/a>.<\/li>\n<li>Pour Firefox\u2122 : <a href=\"https:\/\/support.mozilla.org\/fr\/kb\/activer-desactiver-cookies\" target=\"_blank\" rel=\"noopener\">Cliquez ici<\/a>.<\/li>\n<li>Pour Opera\u2122 : <a href=\"http:\/\/help.opera.com\/Windows\/10.20\/fr\/cookies.html\" target=\"_blank\" rel=\"noopener\">Cliquez ici<\/a>.<\/li>\n<\/ul>\n<p>&nbsp;<\/p>\n<h3>Article 5 \u2013 Liste des cookies utilis\u00e9s<\/h3>\n<p>Pour plus de transparence, voici une liste des cookies utilis\u00e9s sur notre site :<\/p>\n<table style=\"width: 100%;border-collapse: collapse;text-align: left\" border=\"1\" cellspacing=\"0\" cellpadding=\"5\">\n<thead style=\"background-color: #f2f2f2\">\n<tr>\n<th style=\"width: 40%;padding: 10px\">Type de cookie<\/th>\n<th style=\"width: 60%;padding: 10px\">Finalit\u00e9<\/th>\n<\/tr>\n<\/thead>\n<tbody>\n<tr>\n<td style=\"padding: 10px\">Cookies essentiels<\/td>\n<td style=\"padding: 10px\">Permettent le bon fonctionnement du site (navigation, acc\u00e8s s\u00e9curis\u00e9, etc.).<\/td>\n<\/tr>\n<tr>\n<td style=\"padding: 10px\">Cookies de mesure d\u2019audience<\/td>\n<td style=\"padding: 10px\">Collectent des donn\u00e9es anonymis\u00e9es pour am\u00e9liorer les services (exemple : Google Analytics).<\/td>\n<\/tr>\n<tr>\n<td style=\"padding: 10px\">Cookies publicitaires<\/td>\n<td style=\"padding: 10px\">Personnalisent les publicit\u00e9s affich\u00e9es en fonction de votre navigation.<\/td>\n<\/tr>\n<tr>\n<td style=\"padding: 10px\">Cookies tiers<\/td>\n<td style=\"padding: 10px\">Activ\u00e9s par des services comme YouTube ou Twitter int\u00e9gr\u00e9s au site.<\/td>\n<\/tr>\n<\/tbody>\n<\/table>\n<p>&nbsp;<\/p>\n<h3>Article 6 \u2013 Mise \u00e0 jour de cette politique<\/h3>\n<p>Cette politique relative aux cookies est susceptible d\u2019\u00eatre mise \u00e0 jour pour refl\u00e9ter les changements l\u00e9gislatifs ou les \u00e9volutions techniques. La derni\u00e8re mise \u00e0 jour de cette politique a \u00e9t\u00e9 effectu\u00e9e le 19\/11\/2024.<\/p>\n<p>&nbsp;<\/p>\n","protected":false},"excerpt":{"rendered":"<p>Cette rubrique est consacr\u00e9e \u00e0 notre politique de confidentialit\u00e9 en mati\u00e8re de fichiers cookies, r\u00e9gie par la loi fran\u00e7aise et les r\u00e8glements europ\u00e9ens applicables, notamment le RGPD. Cette politique relative aux fichiers cookies compl\u00e8te notre Politique de Confidentialit\u00e9 et s\u2019int\u00e8gre dans nos Conditions G\u00e9n\u00e9rales d\u2019Utilisation. Lors de votre utilisation de nos services via ce site, [&hellip;]<\/p>\n","protected":false},"author":2,"featured_media":0,"parent":0,"menu_order":3,"comment_status":"closed","ping_status":"closed","template":"","meta":{"_acf_changed":false,"footnotes":""},"payments":[],"class_list":["post-1020","page","type-page","status-publish","hentry"],"acf":[],"_links":{"self":[{"href":"https:\/\/www.up2play.fr\/tarbes\/wp-json\/wp\/v2\/pages\/1020","targetHints":{"allow":["GET"]}}],"collection":[{"href":"https:\/\/www.up2play.fr\/tarbes\/wp-json\/wp\/v2\/pages"}],"about":[{"href":"https:\/\/www.up2play.fr\/tarbes\/wp-json\/wp\/v2\/types\/page"}],"author":[{"embeddable":true,"href":"https:\/\/www.up2play.fr\/tarbes\/wp-json\/wp\/v2\/users\/2"}],"replies":[{"embeddable":true,"href":"https:\/\/www.up2play.fr\/tarbes\/wp-json\/wp\/v2\/comments?post=1020"}],"version-history":[{"count":5,"href":"https:\/\/www.up2play.fr\/tarbes\/wp-json\/wp\/v2\/pages\/1020\/revisions"}],"predecessor-version":[{"id":2674,"href":"https:\/\/www.up2play.fr\/tarbes\/wp-json\/wp\/v2\/pages\/1020\/revisions\/2674"}],"wp:attachment":[{"href":"https:\/\/www.up2play.fr\/tarbes\/wp-json\/wp\/v2\/media?parent=1020"}],"wp:term":[{"taxonomy":"payments","embeddable":true,"href":"https:\/\/www.up2play.fr\/tarbes\/wp-json\/wp\/v2\/payments?post=1020"}],"curies":[{"name":"wp","href":"https:\/\/api.w.org\/{rel}","templated":true}]}}